{"id":42,"date":"2024-03-19T23:47:12","date_gmt":"2024-03-19T22:47:12","guid":{"rendered":"https:\/\/climasur.electronicagambino.com\/?page_id=42"},"modified":"2024-03-25T19:56:47","modified_gmt":"2024-03-25T18:56:47","slug":"quienes-somos","status":"publish","type":"page","link":"https:\/\/climsur.com.ar\/index.php\/quienes-somos\/","title":{"rendered":"\u00bf Qui\u00e9nes Somos ?"},"content":{"rendered":"\t\t<div data-elementor-type=\"wp-page\" data-elementor-id=\"42\" class=\"elementor elementor-42\" data-elementor-post-type=\"page\">\n\t\t\t\t<div data-particle_enable=\"false\" data-particle-mobile-disabled=\"false\" class=\"elementor-element elementor-element-6675974 e-con-full e-flex e-con e-parent\" data-id=\"6675974\" data-element_type=\"container\" id=\"arriba\" data-settings=\"{&quot;background_background&quot;:&quot;classic&quot;}\" data-core-v316-plus=\"true\">\n\t\t\t\t<\/div>\n\t\t<div data-particle_enable=\"false\" data-particle-mobile-disabled=\"false\" class=\"elementor-element elementor-element-8e6c93a e-con-full e-flex e-con e-parent\" data-id=\"8e6c93a\" data-element_type=\"container\" data-core-v316-plus=\"true\">\n\t\t<div data-particle_enable=\"false\" data-particle-mobile-disabled=\"false\" class=\"elementor-element elementor-element-c8642c7 e-con-full e-flex e-con e-child\" data-id=\"c8642c7\" data-element_type=\"container\">\n\t\t\t\t<div class=\"elementor-element elementor-element-158f0e3 elementor-widget elementor-widget-text-editor\" data-id=\"158f0e3\" data-element_type=\"widget\" data-widget_type=\"text-editor.default\">\n\t\t\t\t<div class=\"elementor-widget-container\">\n\t\t\t<style>\/*! elementor - v3.20.0 - 10-04-2024 *\/\n.elementor-widget-text-editor.elementor-drop-cap-view-stacked .elementor-drop-cap{background-color:#69727d;color:#fff}.elementor-widget-text-editor.elementor-drop-cap-view-framed .elementor-drop-cap{color:#69727d;border:3px solid;background-color:transparent}.elementor-widget-text-editor:not(.elementor-drop-cap-view-default) .elementor-drop-cap{margin-top:8px}.elementor-widget-text-editor:not(.elementor-drop-cap-view-default) .elementor-drop-cap-letter{width:1em;height:1em}.elementor-widget-text-editor .elementor-drop-cap{float:left;text-align:center;line-height:1;font-size:50px}.elementor-widget-text-editor .elementor-drop-cap-letter{display:inline-block}<\/style>\t\t\t\t<p>Con m\u00e1s de 35 a\u00f1os de experiencia en climatizaco\u00f3n, nos dedicamos a crear ambientes perfectos. Desde grandes obras hasta hogares acogedores, ofrecemos soluciones personalizadas. Porque creemos que cada ambiente es \u00fanico, colaboramos con distintos proyectos de arquitectura, proporcionando presupuestos detallados y accesibles.<\/p><p>En Climsur, tambi\u00e9n te guiamos en la elecci\u00f3n de la calefacci\u00f3n y\/o refrigeraci\u00f3n perfecta para tu hogar, ofrecemos atenci\u00f3n post venta y te proporcionamos productos de calidad para el mantenimiento de equipos de AC, calderas y m\u00e1s.<\/p><p>Conf\u00eda en nosotros para hacer de tu espacio un lugar c\u00f3modo y eficiente, te brindamos un servicio de excelencia.<\/p>\t\t\t\t\t\t<\/div>\n\t\t\t\t<\/div>\n\t\t\t\t<\/div>\n\t\t<div data-particle_enable=\"false\" data-particle-mobile-disabled=\"false\" class=\"elementor-element elementor-element-739265f e-con-full e-flex e-con e-child\" data-id=\"739265f\" data-element_type=\"container\" data-settings=\"{&quot;background_background&quot;:&quot;classic&quot;}\">\n\t\t\t\t<\/div>\n\t\t\t\t<\/div>\n\t\t<div data-particle_enable=\"false\" data-particle-mobile-disabled=\"false\" class=\"elementor-element elementor-element-9924193 e-flex e-con-boxed e-con e-parent\" data-id=\"9924193\" data-element_type=\"container\" data-core-v316-plus=\"true\">\n\t\t\t\t\t<div class=\"e-con-inner\">\n\t\t\t\t<div class=\"elementor-element elementor-element-2bc73b6 elementor-widget elementor-widget-heading\" data-id=\"2bc73b6\" data-element_type=\"widget\" data-widget_type=\"heading.default\">\n\t\t\t\t<div class=\"elementor-widget-container\">\n\t\t\t<style>\/*! elementor - v3.20.0 - 10-04-2024 *\/\n.elementor-heading-title{padding:0;margin:0;line-height:1}.elementor-widget-heading .elementor-heading-title[class*=elementor-size-]>a{color:inherit;font-size:inherit;line-height:inherit}.elementor-widget-heading .elementor-heading-title.elementor-size-small{font-size:15px}.elementor-widget-heading .elementor-heading-title.elementor-size-medium{font-size:19px}.elementor-widget-heading .elementor-heading-title.elementor-size-large{font-size:29px}.elementor-widget-heading .elementor-heading-title.elementor-size-xl{font-size:39px}.elementor-widget-heading .elementor-heading-title.elementor-size-xxl{font-size:59px}<\/style><h2 class=\"elementor-heading-title elementor-size-default\">Bienvenido a la experiencia CLIMSUR<\/h2>\t\t<\/div>\n\t\t\t\t<\/div>\n\t\t\t\t\t<\/div>\n\t\t\t\t<\/div>\n\t\t<div data-particle_enable=\"false\" data-particle-mobile-disabled=\"false\" class=\"elementor-element elementor-element-8d87f2b e-flex e-con-boxed e-con e-parent\" data-id=\"8d87f2b\" data-element_type=\"container\" data-settings=\"{&quot;background_background&quot;:&quot;classic&quot;}\" data-core-v316-plus=\"true\">\n\t\t\t\t\t<div class=\"e-con-inner\">\n\t\t<div data-particle_enable=\"false\" data-particle-mobile-disabled=\"false\" class=\"elementor-element elementor-element-cb46a1d e-con-full e-flex e-con e-child\" data-id=\"cb46a1d\" data-element_type=\"container\">\n\t\t\t\t<div class=\"elementor-element elementor-element-5394f42 elementor-widget elementor-widget-heading\" data-id=\"5394f42\" data-element_type=\"widget\" data-widget_type=\"heading.default\">\n\t\t\t\t<div class=\"elementor-widget-container\">\n\t\t\t<h2 class=\"elementor-heading-title elementor-size-default\">Nuestra identidad<\/h2>\t\t<\/div>\n\t\t\t\t<\/div>\n\t\t\t\t<div class=\"elementor-element elementor-element-131b673 elementor-widget elementor-widget-text-editor\" data-id=\"131b673\" data-element_type=\"widget\" data-widget_type=\"text-editor.default\">\n\t\t\t\t<div class=\"elementor-widget-container\">\n\t\t\t\t\t\t\t<p>Con m\u00e1s de 35 a\u00f1os de experiencia en climatizaci\u00f3n, nos dedicamos a crear ambientes perfectos. Desde grandes obras hasta hogares acogedores, ofrecemos soluciones personalizadas. Porque creemos que cada ambiente es \u00fanico, colaboramos con distintos proyectos de arquitectura, proporcionando presupuestos detallados y accesibles.<\/p><p>En Climsur, tambi\u00e9n te guiamos en la elecci\u00f3n de la calefacci\u00f3n y\/o refrigeraci\u00f3n perfecta para tu hogar, ofrecemos atenci\u00f3n post venta y te proporcionamos productos de calidad para el mantenimiento de equipos de AC, calderas y m\u00e1s.<\/p><p>Conf\u00eda en nosotros para hacer de tu espacio un lugar c\u00f3modo y eficiente, te brindamos un servicio de excelencia.<\/p>\t\t\t\t\t\t<\/div>\n\t\t\t\t<\/div>\n\t\t\t\t<\/div>\n\t\t<div data-particle_enable=\"false\" data-particle-mobile-disabled=\"false\" class=\"elementor-element elementor-element-1d8daad e-con-full e-flex e-con e-child\" data-id=\"1d8daad\" data-element_type=\"container\">\n\t\t\t\t<div class=\"elementor-element elementor-element-d7ac59b elementor-widget elementor-widget-heading\" data-id=\"d7ac59b\" data-element_type=\"widget\" data-widget_type=\"heading.default\">\n\t\t\t\t<div class=\"elementor-widget-container\">\n\t\t\t<h2 class=\"elementor-heading-title elementor-size-default\">Conceptos funcionales<\/h2>\t\t<\/div>\n\t\t\t\t<\/div>\n\t\t\t\t<div class=\"elementor-element elementor-element-17d6c9b elementor-widget elementor-widget-heading\" data-id=\"17d6c9b\" data-element_type=\"widget\" data-widget_type=\"heading.default\">\n\t\t\t\t<div class=\"elementor-widget-container\">\n\t\t\t<h2 class=\"elementor-heading-title elementor-size-default\">Visi\u00f3n<\/h2>\t\t<\/div>\n\t\t\t\t<\/div>\n\t\t\t\t<div class=\"elementor-element elementor-element-6c9c234 elementor-widget elementor-widget-text-editor\" data-id=\"6c9c234\" data-element_type=\"widget\" data-widget_type=\"text-editor.default\">\n\t\t\t\t<div class=\"elementor-widget-container\">\n\t\t\t\t\t\t\t<p>Aspiramos a ser l\u00edderes en la industria de climatizaci\u00f3n, reconocidos por nuestra excelencia en servicio y soluciones innovadoras. Buscamos ser la elecci\u00f3n preferida para transformar espacios en ambientes perfectos, siendo pioneros en tecnolog\u00edas sostenibles y manteniendo una conexi\u00f3n \u00fanica con el cliente.<\/p>\t\t\t\t\t\t<\/div>\n\t\t\t\t<\/div>\n\t\t\t\t<div class=\"elementor-element elementor-element-67cc486 elementor-widget elementor-widget-heading\" data-id=\"67cc486\" data-element_type=\"widget\" data-widget_type=\"heading.default\">\n\t\t\t\t<div class=\"elementor-widget-container\">\n\t\t\t<h2 class=\"elementor-heading-title elementor-size-default\">Misi\u00f3n<\/h2>\t\t<\/div>\n\t\t\t\t<\/div>\n\t\t\t\t<div class=\"elementor-element elementor-element-3b10029 elementor-widget elementor-widget-text-editor\" data-id=\"3b10029\" data-element_type=\"widget\" data-widget_type=\"text-editor.default\">\n\t\t\t\t<div class=\"elementor-widget-container\">\n\t\t\t\t\t\t\t<p><span style=\"color: var( --e-global-color-text );\">Nuestra misi\u00f3n es brindar un servicio de excelencia, convirtiendo cada espacio en un lugar acogedor, crear ambientes perfectos mediante soluciones integrales de climatizaci\u00f3n y colaborar estrechamente con proyectos de arquitectura, ofreciendo un asesoramiento personalizado y productos de calidad para mantener tu espacio c\u00f3modo y eficiente.<\/span><\/p>\t\t\t\t\t\t<\/div>\n\t\t\t\t<\/div>\n\t\t\t\t<\/div>\n\t\t\t\t\t<\/div>\n\t\t\t\t<\/div>\n\t\t\t\t<\/div>\n\t\t","protected":false},"excerpt":{"rendered":"<p>Con m\u00e1s de 35 a\u00f1os de experiencia en climatizaco\u00f3n, nos dedicamos a crear ambientes perfectos. Desde grandes obras hasta hogares acogedores, ofrecemos soluciones personalizadas. Porque creemos que cada ambiente es \u00fanico, colaboramos con distintos proyectos de arquitectura, proporcionando presupuestos detallados y accesibles. En Climsur, tambi\u00e9n te guiamos en la elecci\u00f3n de la calefacci\u00f3n y\/o refrigeraci\u00f3n [&hellip;]<\/p>\n","protected":false},"author":2,"featured_media":0,"parent":0,"menu_order":0,"comment_status":"closed","ping_status":"closed","template":"","meta":{"footnotes":""},"_links":{"self":[{"href":"https:\/\/climsur.com.ar\/index.php\/wp-json\/wp\/v2\/pages\/42"}],"collection":[{"href":"https:\/\/climsur.com.ar\/index.php\/wp-json\/wp\/v2\/pages"}],"about":[{"href":"https:\/\/climsur.com.ar\/index.php\/wp-json\/wp\/v2\/types\/page"}],"author":[{"embeddable":true,"href":"https:\/\/climsur.com.ar\/index.php\/wp-json\/wp\/v2\/users\/2"}],"replies":[{"embeddable":true,"href":"https:\/\/climsur.com.ar\/index.php\/wp-json\/wp\/v2\/comments?post=42"}],"version-history":[{"count":34,"href":"https:\/\/climsur.com.ar\/index.php\/wp-json\/wp\/v2\/pages\/42\/revisions"}],"predecessor-version":[{"id":1257,"href":"https:\/\/climsur.com.ar\/index.php\/wp-json\/wp\/v2\/pages\/42\/revisions\/1257"}],"wp:attachment":[{"href":"https:\/\/climsur.com.ar\/index.php\/wp-json\/wp\/v2\/media?parent=42"}],"curies":[{"name":"wp","href":"https:\/\/api.w.org\/{rel}","templated":true}]}}